{"id":119,"date":"2017-06-06T17:37:12","date_gmt":"2017-06-06T15:37:12","guid":{"rendered":"http:\/\/pythagorefinance.com\/?page_id=119"},"modified":"2026-02-03T18:51:18","modified_gmt":"2026-02-03T17:51:18","slug":"capitalisation","status":"publish","type":"page","link":"https:\/\/pythagorefinance.com\/index.php\/immobilier\/assurancevie\/capitalisation\/","title":{"rendered":"Capitalisation"},"content":{"rendered":"<p class=\"fig-chapo\">Les contrats de capitalisation pr\u00e9sentent des attraits financiers et fiscaux tr\u00e8s proches de ceux de l&rsquo;assurance-vie. \u00c0 dire vrai, financi\u00e8rement, ils sont m\u00eame leur r\u00e9plique exacte.<\/p>\n<div class=\"fig-article-body\">\n<p>Ces contrats permettent d&rsquo;\u00e9pargner \u00e0 long terme (8 ans et plus), de b\u00e9n\u00e9ficier d&rsquo;une garantie totale du capital investi dans des fonds en euros et de rechercher de meilleures performances en investissant sur les march\u00e9s financiers. Quant \u00e0 la fiscalit\u00e9, elle s&rsquo;av\u00e8re tout aussi favorable. Les gains sont impos\u00e9s seulement lorsque le souscripteur retire une partie de son \u00e9pargne. Apr\u00e8s 8 ans, ils sont exon\u00e9r\u00e9s \u00e0 hauteur de 4600\u00a0\u20ac pour un c\u00e9libataire (9200\u00a0\u20ac pour un couple impos\u00e9 en commun) et tax\u00e9s au-del\u00e0, au bar\u00e8me de l&rsquo;imp\u00f4t sur le revenu ou, sur option, \u00e0 un taux forfaitaire de 7,5\u00a0%.<\/p>\n<h2>1 &#8211; Quelle diff\u00e9rence entre les contrats de capitalisation et l&rsquo;assurance-vie?<\/h2>\n<p>Les contrats de capitalisation constituent un pur produit d&rsquo;\u00e9pargne. Ils ne permettent donc pas, \u00e0 la diff\u00e9rence de l&rsquo;assurance-vie, de transmettre, \u00e0 son d\u00e9c\u00e8s, un capital au b\u00e9n\u00e9ficiaire de son choix, en dehors de la succession, avec une fiscalit\u00e9 privil\u00e9gi\u00e9e (152.500\u00a0\u20ac de capital exon\u00e9r\u00e9 par b\u00e9n\u00e9ficiaire). Le contrat de capitalisation fait partie de la succession du souscripteur et est transmis \u00e0 ses h\u00e9ritiers. Mais ce qui peut para\u00eetre, \u00e0 premi\u00e8re vue, un handicap se r\u00e9v\u00e8le un atout qui fait du contrat de capitalisation une enveloppe compl\u00e9mentaire id\u00e9ale pour r\u00e9\u00e9quilibrer un patrimoine d\u00e9j\u00e0 tr\u00e8s investi en assurance-vie et pour tirer parti des abattements applicables aux successions (100.000\u00a0\u20ac par parent et par enfant). Et contrairement \u00e0 l&rsquo;assurance-vie, il peut \u00eatre donn\u00e9 ou l\u00e9gu\u00e9 \u00e0 la personne de son choix.<\/p>\n<h2>2 &#8211; Quand recourir aux contrats de capitalisation?<\/h2>\n<p>Ces contrats sont couramment utilis\u00e9s pour r\u00e9investir un capital dont la propri\u00e9t\u00e9 est d\u00e9membr\u00e9e. Comme par exemple lorsqu&rsquo;un veuf vend un logement dont il a l&rsquo;usufruit, avec ses enfants, qui ont h\u00e9rit\u00e9 de sa nue-propri\u00e9t\u00e9. Un avantage ind\u00e9niable sur l&rsquo;assurance-vie, peu d&rsquo;assureurs autorisant la souscription en d\u00e9membrement d&rsquo;un contrat.<\/p>\n<p>Ils sont \u00e9galement privil\u00e9gi\u00e9s lorsque l&rsquo;\u00e9pargnant est trop \u00e2g\u00e9 pour souscrire une assurance-vie (les assureurs \u00e9cartent les souscriptions au-del\u00e0 de 85 ans) ou encore pour placer un capital d\u00e9tenu par l&rsquo;interm\u00e9diaire d&rsquo;une soci\u00e9t\u00e9. L&rsquo;assurance-vie \u00e9tant r\u00e9serv\u00e9e aux personnes physiques, il faut se tourner vers les contrats de capitalisation lorsqu&rsquo;on g\u00e8re son patrimoine par l&rsquo;interm\u00e9diaire d&rsquo;une soci\u00e9t\u00e9 civile.<\/p>\n<h2>3 &#8211; Pourquoi ces contrats r\u00e9duisent-ils l&rsquo;ISF?<\/h2>\n<p>L&rsquo;administration fiscale autorise les redevables de l&rsquo;imp\u00f4t de solidarit\u00e9 sur la fortune (ISF) \u00e0 \u00e9valuer leurs contrats de capitalisation \u00e0 hauteur des sommes investies, sans tenir compte des gains accumul\u00e9s ann\u00e9e apr\u00e8s ann\u00e9e dans l&rsquo;enveloppe (valeur nominale). L&rsquo;\u00e9conomie d&rsquo;ISF obtenue d\u00e9pend de l&rsquo;importance du patrimoine taxable, des sommes investies et des plus-values enregistr\u00e9es. Pour un patrimoine de 2\u00a0millions d&rsquo;euros, 30.000\u00a0\u20ac de gains exon\u00e9r\u00e9s d&rsquo;ISF procurent une \u00e9conomie fiscale de 210\u00a0\u20ac seulement. Pour un patrimoine de 20\u00a0millions d&rsquo;euros et 300.000\u00a0\u20ac de gains exon\u00e9r\u00e9s d&rsquo;ISF, l&rsquo;\u00e9conomie atteindra 4500\u00a0\u20ac. Mais cette tol\u00e9rance est \u00e0 double tranchant. Si le contrat enregistre des moins-values, il sera d\u00e9clar\u00e9 pour une valeur sup\u00e9rieure \u00e0 sa valeur r\u00e9elle. Enfin, derni\u00e8re pr\u00e9cision, Bercy a r\u00e9cemment rappel\u00e9 que cette tol\u00e9rance ne jouait que pour l&rsquo;ISF. En mati\u00e8re de succession, les contrats sont tax\u00e9s sur l&rsquo;int\u00e9gralit\u00e9 de leur valeur, gains compris.<\/p>\n<p><a href=\"http:\/\/pythagorefinance.com\/index.php\/contact\/\">Pour plus d&rsquo;information contactez moi.<\/a><\/p>\n<\/div>\n","protected":false},"excerpt":{"rendered":"<p>Les contrats de capitalisation pr\u00e9sentent des attraits financiers et fiscaux tr\u00e8s proches de ceux de l&rsquo;assurance-vie. \u00c0 dire vrai, financi\u00e8rement, ils sont m\u00eame leur r\u00e9plique exacte. Ces contrats permettent d&rsquo;\u00e9pargner \u00e0 long terme (8 ans et plus), de b\u00e9n\u00e9ficier d&rsquo;une garantie totale du capital investi dans des fonds en euros et de rechercher de meilleures &hellip; <a href=\"https:\/\/pythagorefinance.com\/index.php\/immobilier\/assurancevie\/capitalisation\/\" class=\"more-link\">Continuer la lecture de <span class=\"screen-reader-text\">Capitalisation<\/span><\/a><\/p>\n","protected":false},"author":1,"featured_media":121,"parent":64,"menu_order":2,"comment_status":"closed","ping_status":"closed","template":"","meta":{"spay_email":"","footnotes":""},"jetpack_sharing_enabled":true,"jetpack_shortlink":"https:\/\/wp.me\/P8O27e-1V","jetpack-related-posts":[{"id":64,"url":"https:\/\/pythagorefinance.com\/index.php\/immobilier\/assurancevie\/","url_meta":{"origin":119,"position":0},"title":"Assurance Vie","date":"2 juin 2017","format":false,"excerpt":"Investir en Assurance-vie Pourquoi faut-il \u00e9pargner sur un contrat en assurance-vie\u00a0: -L\u2019assurance vie est un produit d\u2019\u00e9pargne et non une assurance d\u00e9c\u00e8s ! Elle peut r\u00e9pondre \u00e0 de nombreux besoins patrimoniaux et constitue donc un excellent outil de placement \u00e0\u00a0commencer par la valorisation de votre capital. Vous pouvez effectuer des\u2026","rel":"","context":"Article similaire","img":{"alt_text":"","src":"https:\/\/i0.wp.com\/pythagorefinance.com\/wp-content\/uploads\/2017\/06\/statue-of-liberty-359340_1920.jpg?fit=1200%2C674&ssl=1&resize=350%2C200","width":350,"height":200},"classes":[]},{"id":7,"url":"https:\/\/pythagorefinance.com\/","url_meta":{"origin":119,"position":1},"title":"Pr\u00e9sentation","date":"1 juin 2017","format":false,"excerpt":"Soci\u00e9t\u00e9 de courtage, sp\u00e9cialis\u00e9e dans la cr\u00e9ation, la gestion et la transmission de patrimoine. Nous intervenons dans plusieurs pays Europ\u00e9ens , France, Luxembourg, Italie, Belgique et Espagne. PYTHAGORE FINANCE offre \u00e0 ses clients l'acc\u00e8s \u00e0 des institutions financi\u00e8res de renomm\u00e9e mondiale. Sp\u00e9cialiste de l'assurance de la personnes, et de l\u2019investissement\u2026","rel":"","context":"Article similaire","img":{"alt_text":"","src":"","width":0,"height":0},"classes":[]},{"id":104,"url":"https:\/\/pythagorefinance.com\/index.php\/sports-professionnels\/","url_meta":{"origin":119,"position":2},"title":"Sports professionnels","date":"6 juin 2017","format":false,"excerpt":"Mais comment sont impos\u00e9s les sportifs de haut niveau install\u00e9s en France exactement ? Comment est impos\u00e9 le revenu d'un sportif ? Mais pourquoi les sportifs fran\u00e7ais ont-ils autant de probl\u00e8mes avec le fisc ? Les salaires li\u00e9s \u00e0 la pratique du sport sont soumis au bar\u00e8me progressif de l'imp\u00f4t\u2026","rel":"","context":"Article similaire","img":{"alt_text":"","src":"https:\/\/i0.wp.com\/pythagorefinance.com\/wp-content\/uploads\/2017\/06\/multimedia.normal.8a328b256084ddb3.4167656e64612d4465706f72746976612d323031362d325f6e6f726d616c2e6a7067.jpg?fit=630%2C347&ssl=1&resize=350%2C200","width":350,"height":200},"classes":[]},{"id":101,"url":"https:\/\/pythagorefinance.com\/index.php\/frontalier\/","url_meta":{"origin":119,"position":3},"title":"Frontalier","date":"6 juin 2017","format":false,"excerpt":"Les imp\u00f4ts au Luxembourg Quelles sont les d\u00e9marches \u00e0 effectuer pour les imp\u00f4ts ? Au Luxembourg, il faut savoir que les imp\u00f4ts sont retenus \u00e0 la source sur les salaires. Pour \u00eatre en r\u00e8gle, chaque salari\u00e9 du Luxembourg doit remettre une fiche de retenue d'imp\u00f4t \u00e0 son employeur. Elle permettra\u2026","rel":"","context":"Article similaire","img":{"alt_text":"","src":"https:\/\/i1.wp.com\/pythagorefinance.com\/wp-content\/uploads\/2017\/06\/taxes-740202_1920.jpg?fit=1200%2C746&ssl=1&resize=350%2C200","width":350,"height":200},"classes":[]},{"id":48,"url":"https:\/\/pythagorefinance.com\/index.php\/immobilier-2\/","url_meta":{"origin":119,"position":4},"title":"Immobilier","date":"1 juin 2017","format":false,"excerpt":"Il\u00a0 est d\u2019ores et d\u00e9j\u00e0 possible de dresser le bilan du march\u00e9 immobilier pour cette ann\u00e9e et d'esquisser les grandes tendances de 2023. Les prix de l\u2019immobilier au m2 baisseront ils dans les 12 mois \u00e0 venir ? Le niveau des transactions sera-t-il impact\u00e9 par la hausse des taux d\u2019int\u00e9r\u00eat\u2026","rel":"","context":"Article similaire","img":{"alt_text":"","src":"https:\/\/i0.wp.com\/pythagorefinance.com\/wp-content\/uploads\/2017\/06\/drawing-1919080_1920.jpg?fit=1200%2C800&ssl=1&resize=350%2C200","width":350,"height":200},"classes":[]},{"id":199,"url":"https:\/\/pythagorefinance.com\/index.php\/immobilier\/","url_meta":{"origin":119,"position":5},"title":"Votre objectif prioritaire","date":"21 f\u00e9vrier 2023","format":false,"excerpt":"Vous souhaitez d\u00e9couvrir en quoi je peux vous accompagner dans le d\u00e9veloppement de votre patrimoine, l'optimisation de votre fiscalit\u00e9 ou la d\u00e9finition de la meilleure strat\u00e9gie d'investissement en fonction de votre profil ? R\u00e9pondez simplement \u00e0 ce quizz.","rel":"","context":"Article similaire","img":{"alt_text":"","src":"","width":0,"height":0},"classes":[]}],"_links":{"self":[{"href":"https:\/\/pythagorefinance.com\/index.php\/wp-json\/wp\/v2\/pages\/119"}],"collection":[{"href":"https:\/\/pythagorefinance.com\/index.php\/wp-json\/wp\/v2\/pages"}],"about":[{"href":"https:\/\/pythagorefinance.com\/index.php\/wp-json\/wp\/v2\/types\/page"}],"author":[{"embeddable":true,"href":"https:\/\/pythagorefinance.com\/index.php\/wp-json\/wp\/v2\/users\/1"}],"replies":[{"embeddable":true,"href":"https:\/\/pythagorefinance.com\/index.php\/wp-json\/wp\/v2\/comments?post=119"}],"version-history":[{"count":4,"href":"https:\/\/pythagorefinance.com\/index.php\/wp-json\/wp\/v2\/pages\/119\/revisions"}],"predecessor-version":[{"id":130,"href":"https:\/\/pythagorefinance.com\/index.php\/wp-json\/wp\/v2\/pages\/119\/revisions\/130"}],"up":[{"embeddable":true,"href":"https:\/\/pythagorefinance.com\/index.php\/wp-json\/wp\/v2\/pages\/64"}],"wp:featuredmedia":[{"embeddable":true,"href":"https:\/\/pythagorefinance.com\/index.php\/wp-json\/wp\/v2\/media\/121"}],"wp:attachment":[{"href":"https:\/\/pythagorefinance.com\/index.php\/wp-json\/wp\/v2\/media?parent=119"}],"curies":[{"name":"wp","href":"https:\/\/api.w.org\/{rel}","templated":true}]}}