{"id":64,"date":"2017-06-02T10:37:01","date_gmt":"2017-06-02T08:37:01","guid":{"rendered":"http:\/\/pythagorefinance.com\/?page_id=64"},"modified":"2026-02-03T18:49:25","modified_gmt":"2026-02-03T17:49:25","slug":"assurancevie","status":"publish","type":"page","link":"https:\/\/pythagorefinance.com\/index.php\/immobilier\/assurancevie\/","title":{"rendered":"Assurance Vie"},"content":{"rendered":"<h2>Investir en Assurance-vie<\/h2>\n<div class=\"ptext\">\n<p><strong>Pourquoi faut-il \u00e9pargner sur un contrat en <\/strong><strong>assurance<\/strong><strong>-vie\u00a0:<\/strong><\/p>\n<p>&#8211;<strong>L\u2019assurance vie est un produit d\u2019\u00e9pargne<\/strong> et non une assurance d\u00e9c\u00e8s ! Elle peut r\u00e9pondre \u00e0 de nombreux besoins patrimoniaux et constitue donc un excellent outil de placement \u00e0\u00a0commencer par la valorisation de votre capital.<br \/>\nVous pouvez effectuer des versements \u00e0 votre rythme et les diversifier sur une palette extr\u00eamement large de supports, du plus s\u00e9curitaire au plus dynamique. Vous pouvez ainsi adapter vos supports financiers \u00e0 vos objectifs et contraintes personnelles tout en pr\u00e9servant la disponibilit\u00e9 des fonds. Contrairement aux id\u00e9es re\u00e7ues, de nombreux contrats d\u2019assurance vie sont dits \u00ab\u00a0\u00e0 versements et retraits libres\u00a0\u00bb, les capitaux sont donc disponibles \u00e0 tout moment.<\/p>\n<p>&#8211;<strong>L\u2019assurance vie est un outil incontournable pour organiser la transmission de votre patrimoine<\/strong>. Les contrats b\u00e9n\u00e9ficient d\u2019un r\u00e9gime fiscal d\u2019exception en mati\u00e8re de transmission.<br \/>\n152 500 \u20ac ! C\u2019est la somme que chaque b\u00e9n\u00e9ficiaire d\u2019un contrat d\u2019assurance vie peut recevoir, sous certaines conditions, au d\u00e9c\u00e8s du souscripteur, en exon\u00e9ration totale de droits. Pour les conjoints et les partenaires de Pacs, il n\u2019existe pas de limite fiscale.<br \/>\nL\u2019assurance vie permet de d\u00e9signer le(s) b\u00e9n\u00e9ficiaire(s) de son choix. Elle constitue donc le moyen par excellence de transmettre \u00e0 des personnes qui n&rsquo;ont pas vocation \u00e0 h\u00e9riter (concubin, partenaire li\u00e9 par un PACS&#8230;) tout en limitant la fiscalit\u00e9. Le principe de d\u00e9signation des b\u00e9n\u00e9ficiaires et la r\u00e9partition libre des fonds (en parts \u00e9gales ou non) permettent de r\u00e9aliser une transmission du patrimoine sur mesure. Une bonne optimisation de la r\u00e9daction des clauses b\u00e9n\u00e9ficiaires permettra de minimiser les droits \u00e0 payer des patrimoines les plus importants.<br \/>\nCe v\u00e9ritable r\u00e9gime d\u2019exception rend l\u2019assurance vie incontournable.<\/p>\n<p><strong>-Contrairement aux id\u00e9es re\u00e7ues, votre \u00e9pargne n\u2019est jamais bloqu\u00e9e !<\/strong> De nombreux contrats d\u2019assurance vie sont dits \u00e0 \u00ab\u00a0versements et retraits libres\u00a0\u00bb. Les fonds investis sont donc disponibles \u00e0 tout moment.<br \/>\nL\u2019assurance vie se caract\u00e9rise par sa grande souplesse d\u2019utilisation : versement libres ou programm\u00e9s, rachats \u00e9galement possibles \u00e0 n\u2019importe quel moment (le seul impact est le niveau d\u2019imposition sur les plus-values qui d\u00e9pend de l\u2019anciennet\u00e9 du contrat), sans oublier la possibilit\u00e9 d\u2019arbitrer \u00e0 tout moment d\u2019un support \u00e0 un autre.<\/p>\n<p><strong>-L\u2019assurance vie b\u00e9n\u00e9ficie d\u2019un r\u00e9gime fiscal tr\u00e8s favorable.<\/strong> Au d\u00e9c\u00e8s de l\u2019assur\u00e9 notamment, si le b\u00e9n\u00e9ficiaire est le conjoint ou le partenaire pacs\u00e9, celui-ci n\u2019est pas soumis \u00e0 taxation lorsqu\u2019il re\u00e7oit le capital (que les primes aient \u00e9t\u00e9 vers\u00e9es sur le contrat avant ou apr\u00e8s 70 ans).<br \/>\nSi l\u2019assur\u00e9 veut disposer d\u2019une partie de son \u00e9pargne, il b\u00e9n\u00e9ficie apr\u00e8s 8 ans d\u2019un abattement global annuel de 4 600 \u20ac (9 200 \u20ac pour un couple mari\u00e9) au titre de l\u2019imposition des plus-values.<\/p>\n<p><strong>-Un contrat d\u2019assurance vie est une \u00ab enveloppe \u00bb d\u2019\u00e9pargne<\/strong> qui dispose de caract\u00e9ristiques sp\u00e9cifiques et notamment offre l\u2019acc\u00e8s exclusif \u00e0 un fonds en euros \u00e0 capital et int\u00e9r\u00eats garantis et \u00e0 une offre financi\u00e8re tr\u00e8s large sur de nombreux secteurs \u00e9conomiques et r\u00e9gions du monde.<\/p>\n<p>Le fonds en euros : votre capital et ses int\u00e9r\u00eats garantis ! Le fonds en euros permet de disposer \u00e0 tout moment de la totalit\u00e9 du capital investi, major\u00e9 des int\u00e9r\u00eats gagn\u00e9s chaque ann\u00e9e. Ce placement enti\u00e8rement s\u00e9curis\u00e9 ne se trouve que dans le cadre d\u2019un contrat d\u2019assurance vie (aussi dans les contrats de capitalisation). La plupart du temps investis en obligations d\u2019\u00c9tat, les fonds en euros peuvent aussi \u00eatre compos\u00e9s d\u2019obligations d\u2019entreprises ou m\u00eame d\u2019immobilier.<\/p>\n<p>Mon\u00e9taire, obligataire, actions, immobilier\u2026 : une tr\u00e8s vaste palette de supports. Au c\u00f4t\u00e9 du fonds en euros, l\u2019assurance vie permet dans un contrat multisupport de diversifier ses placements sur plusieurs march\u00e9s. Quelques contrats innovants permettent ainsi d\u2019acc\u00e9der \u00e0 l\u2019immobilier avec des SCPI ou SCI, \u00e0 plusieurs zones g\u00e9ographiques, secteurs d\u2019activit\u00e9s ou classes d\u2019actifs \u00e0 travers un choix plus ou moins larges de gestionnaires, d\u2019OPC. Une diversification \u00e0 la carte pour essayer de profiter pleinement des performances de chaque march\u00e9, et ce dans le cadre fiscal privil\u00e9gi\u00e9 de l\u2019assurance vie.<\/p>\n<p><strong>-C\u2019est quoi un contrat en assurance vie\u00a0:<\/strong><br \/>\nAvec 15 millions de contrats d\u00e9tenus par les particuliers, ce qui repr\u00e9sente environ 2000 milliards d\u2019euros.<br \/>\nL\u2019assurance-vie est l\u2019un des placements pr\u00e9f\u00e9r\u00e9 des Fran\u00e7ais.<\/p>\n<p><strong>-L\u2019assurance-vie permet\u00a0:<\/strong><br \/>\nDe se constituer une \u00e9pargne de pr\u00e9caution, un capital qui restera disponible. Nous reviendrons sur ce point optimise le rendement de vos placements car sup\u00e9rieur au livret A pr\u00e9voit le financement d\u2019\u00e9v\u00e9nements futurs (\u00e9tudes des enfants, acquisition d\u2019un bien) d\u2019avoir un compl\u00e9ment de revenu au moment de la retraite prot\u00e8ge vos proches et pr\u00e9pare la transmission d\u2019un capital exon\u00e9r\u00e9 de droit de mutation en cas de d\u00e9c\u00e8s.<\/p>\n<\/div>\n","protected":false},"excerpt":{"rendered":"<p>Investir en Assurance-vie Pourquoi faut-il \u00e9pargner sur un contrat en assurance-vie\u00a0: &#8211;L\u2019assurance vie est un produit d\u2019\u00e9pargne et non une assurance d\u00e9c\u00e8s ! Elle peut r\u00e9pondre \u00e0 de nombreux besoins patrimoniaux et constitue donc un excellent outil de placement \u00e0\u00a0commencer par la valorisation de votre capital. Vous pouvez effectuer des versements \u00e0 votre rythme et &hellip; <a href=\"https:\/\/pythagorefinance.com\/index.php\/immobilier\/assurancevie\/\" class=\"more-link\">Continuer la lecture de <span class=\"screen-reader-text\">Assurance Vie<\/span><\/a><\/p>\n","protected":false},"author":1,"featured_media":118,"parent":199,"menu_order":1,"comment_status":"closed","ping_status":"closed","template":"","meta":{"spay_email":"","footnotes":""},"jetpack_sharing_enabled":true,"jetpack_shortlink":"https:\/\/wp.me\/P8O27e-12","jetpack-related-posts":[{"id":119,"url":"https:\/\/pythagorefinance.com\/index.php\/immobilier\/assurancevie\/capitalisation\/","url_meta":{"origin":64,"position":0},"title":"Capitalisation","date":"6 juin 2017","format":false,"excerpt":"Les contrats de capitalisation pr\u00e9sentent des attraits financiers et fiscaux tr\u00e8s proches de ceux de l'assurance-vie. \u00c0 dire vrai, financi\u00e8rement, ils sont m\u00eame leur r\u00e9plique exacte. Ces contrats permettent d'\u00e9pargner \u00e0 long terme (8 ans et plus), de b\u00e9n\u00e9ficier d'une garantie totale du capital investi dans des fonds en euros\u2026","rel":"","context":"Article similaire","img":{"alt_text":"","src":"https:\/\/i0.wp.com\/pythagorefinance.com\/wp-content\/uploads\/2017\/06\/entrepreneur-1340649_1920.jpg?fit=1200%2C848&ssl=1&resize=350%2C200","width":350,"height":200},"classes":[]},{"id":7,"url":"https:\/\/pythagorefinance.com\/","url_meta":{"origin":64,"position":1},"title":"Pr\u00e9sentation","date":"1 juin 2017","format":false,"excerpt":"Soci\u00e9t\u00e9 de courtage, sp\u00e9cialis\u00e9e dans la cr\u00e9ation, la gestion et la transmission de patrimoine. Nous intervenons dans plusieurs pays Europ\u00e9ens , France, Luxembourg, Italie, Belgique et Espagne. PYTHAGORE FINANCE offre \u00e0 ses clients l'acc\u00e8s \u00e0 des institutions financi\u00e8res de renomm\u00e9e mondiale. Sp\u00e9cialiste de l'assurance de la personnes, et de l\u2019investissement\u2026","rel":"","context":"Article similaire","img":{"alt_text":"","src":"","width":0,"height":0},"classes":[]},{"id":104,"url":"https:\/\/pythagorefinance.com\/index.php\/sports-professionnels\/","url_meta":{"origin":64,"position":2},"title":"Sports professionnels","date":"6 juin 2017","format":false,"excerpt":"Mais comment sont impos\u00e9s les sportifs de haut niveau install\u00e9s en France exactement ? Comment est impos\u00e9 le revenu d'un sportif ? Mais pourquoi les sportifs fran\u00e7ais ont-ils autant de probl\u00e8mes avec le fisc ? Les salaires li\u00e9s \u00e0 la pratique du sport sont soumis au bar\u00e8me progressif de l'imp\u00f4t\u2026","rel":"","context":"Article similaire","img":{"alt_text":"","src":"https:\/\/i0.wp.com\/pythagorefinance.com\/wp-content\/uploads\/2017\/06\/multimedia.normal.8a328b256084ddb3.4167656e64612d4465706f72746976612d323031362d325f6e6f726d616c2e6a7067.jpg?fit=630%2C347&ssl=1&resize=350%2C200","width":350,"height":200},"classes":[]},{"id":101,"url":"https:\/\/pythagorefinance.com\/index.php\/frontalier\/","url_meta":{"origin":64,"position":3},"title":"Frontalier","date":"6 juin 2017","format":false,"excerpt":"Les imp\u00f4ts au Luxembourg Quelles sont les d\u00e9marches \u00e0 effectuer pour les imp\u00f4ts ? Au Luxembourg, il faut savoir que les imp\u00f4ts sont retenus \u00e0 la source sur les salaires. Pour \u00eatre en r\u00e8gle, chaque salari\u00e9 du Luxembourg doit remettre une fiche de retenue d'imp\u00f4t \u00e0 son employeur. Elle permettra\u2026","rel":"","context":"Article similaire","img":{"alt_text":"","src":"https:\/\/i1.wp.com\/pythagorefinance.com\/wp-content\/uploads\/2017\/06\/taxes-740202_1920.jpg?fit=1200%2C746&ssl=1&resize=350%2C200","width":350,"height":200},"classes":[]},{"id":48,"url":"https:\/\/pythagorefinance.com\/index.php\/immobilier-2\/","url_meta":{"origin":64,"position":4},"title":"Immobilier","date":"1 juin 2017","format":false,"excerpt":"Il\u00a0 est d\u2019ores et d\u00e9j\u00e0 possible de dresser le bilan du march\u00e9 immobilier pour cette ann\u00e9e et d'esquisser les grandes tendances de 2023. Les prix de l\u2019immobilier au m2 baisseront ils dans les 12 mois \u00e0 venir ? Le niveau des transactions sera-t-il impact\u00e9 par la hausse des taux d\u2019int\u00e9r\u00eat\u2026","rel":"","context":"Article similaire","img":{"alt_text":"","src":"https:\/\/i0.wp.com\/pythagorefinance.com\/wp-content\/uploads\/2017\/06\/drawing-1919080_1920.jpg?fit=1200%2C800&ssl=1&resize=350%2C200","width":350,"height":200},"classes":[]},{"id":199,"url":"https:\/\/pythagorefinance.com\/index.php\/immobilier\/","url_meta":{"origin":64,"position":5},"title":"Votre objectif prioritaire","date":"21 f\u00e9vrier 2023","format":false,"excerpt":"Vous souhaitez d\u00e9couvrir en quoi je peux vous accompagner dans le d\u00e9veloppement de votre patrimoine, l'optimisation de votre fiscalit\u00e9 ou la d\u00e9finition de la meilleure strat\u00e9gie d'investissement en fonction de votre profil ? R\u00e9pondez simplement \u00e0 ce quizz.","rel":"","context":"Article similaire","img":{"alt_text":"","src":"","width":0,"height":0},"classes":[]}],"_links":{"self":[{"href":"https:\/\/pythagorefinance.com\/index.php\/wp-json\/wp\/v2\/pages\/64"}],"collection":[{"href":"https:\/\/pythagorefinance.com\/index.php\/wp-json\/wp\/v2\/pages"}],"about":[{"href":"https:\/\/pythagorefinance.com\/index.php\/wp-json\/wp\/v2\/types\/page"}],"author":[{"embeddable":true,"href":"https:\/\/pythagorefinance.com\/index.php\/wp-json\/wp\/v2\/users\/1"}],"replies":[{"embeddable":true,"href":"https:\/\/pythagorefinance.com\/index.php\/wp-json\/wp\/v2\/comments?post=64"}],"version-history":[{"count":3,"href":"https:\/\/pythagorefinance.com\/index.php\/wp-json\/wp\/v2\/pages\/64\/revisions"}],"predecessor-version":[{"id":95,"href":"https:\/\/pythagorefinance.com\/index.php\/wp-json\/wp\/v2\/pages\/64\/revisions\/95"}],"up":[{"embeddable":true,"href":"https:\/\/pythagorefinance.com\/index.php\/wp-json\/wp\/v2\/pages\/199"}],"wp:featuredmedia":[{"embeddable":true,"href":"https:\/\/pythagorefinance.com\/index.php\/wp-json\/wp\/v2\/media\/118"}],"wp:attachment":[{"href":"https:\/\/pythagorefinance.com\/index.php\/wp-json\/wp\/v2\/media?parent=64"}],"curies":[{"name":"wp","href":"https:\/\/api.w.org\/{rel}","templated":true}]}}