{"id":78,"date":"2017-06-02T11:10:49","date_gmt":"2017-06-02T09:10:49","guid":{"rendered":"http:\/\/pythagorefinance.com\/?page_id=78"},"modified":"2017-06-02T11:11:10","modified_gmt":"2017-06-02T09:11:10","slug":"partenaire","status":"publish","type":"page","link":"https:\/\/pythagorefinance.com\/index.php\/partenaire\/","title":{"rendered":"Partenaire"},"content":{"rendered":"<p><img loading=\"lazy\" decoding=\"async\" data-attachment-id=\"79\" data-permalink=\"https:\/\/pythagorefinance.com\/index.php\/partenaire\/logo-nexity\/\" data-orig-file=\"https:\/\/i1.wp.com\/pythagorefinance.com\/wp-content\/uploads\/2017\/06\/logo-nexity.jpg?fit=600%2C135&amp;ssl=1\" data-orig-size=\"600,135\" data-comments-opened=\"1\" data-image-meta=\"{&quot;aperture&quot;:&quot;0&quot;,&quot;credit&quot;:&quot;&quot;,&quot;camera&quot;:&quot;&quot;,&quot;caption&quot;:&quot;&quot;,&quot;created_timestamp&quot;:&quot;0&quot;,&quot;copyright&quot;:&quot;&quot;,&quot;focal_length&quot;:&quot;0&quot;,&quot;iso&quot;:&quot;0&quot;,&quot;shutter_speed&quot;:&quot;0&quot;,&quot;title&quot;:&quot;&quot;,&quot;orientation&quot;:&quot;0&quot;}\" data-image-title=\"logo nexity\" data-image-description=\"\" data-medium-file=\"https:\/\/i1.wp.com\/pythagorefinance.com\/wp-content\/uploads\/2017\/06\/logo-nexity.jpg?fit=300%2C68&amp;ssl=1\" data-large-file=\"https:\/\/i1.wp.com\/pythagorefinance.com\/wp-content\/uploads\/2017\/06\/logo-nexity.jpg?fit=600%2C135&amp;ssl=1\" class=\"alignnone  wp-image-79\" src=\"https:\/\/i0.wp.com\/pythagorefinance.com\/wp-content\/uploads\/2017\/06\/logo-nexity-300x68.jpg?resize=327%2C74\" alt=\"\" width=\"327\" height=\"74\" srcset=\"https:\/\/i1.wp.com\/pythagorefinance.com\/wp-content\/uploads\/2017\/06\/logo-nexity.jpg?resize=300%2C68&amp;ssl=1 300w, https:\/\/i1.wp.com\/pythagorefinance.com\/wp-content\/uploads\/2017\/06\/logo-nexity.jpg?w=600&amp;ssl=1 600w\" sizes=\"(max-width: 327px) 100vw, 327px\" data-recalc-dims=\"1\" \/>\u00a0 <img loading=\"lazy\" decoding=\"async\" data-attachment-id=\"81\" data-permalink=\"https:\/\/pythagorefinance.com\/index.php\/partenaire\/bnp-cardif-vie\/\" data-orig-file=\"https:\/\/i0.wp.com\/pythagorefinance.com\/wp-content\/uploads\/2017\/06\/bnp-cardif-vie.jpg?fit=333%2C151&amp;ssl=1\" data-orig-size=\"333,151\" data-comments-opened=\"1\" data-image-meta=\"{&quot;aperture&quot;:&quot;0&quot;,&quot;credit&quot;:&quot;&quot;,&quot;camera&quot;:&quot;&quot;,&quot;caption&quot;:&quot;&quot;,&quot;created_timestamp&quot;:&quot;0&quot;,&quot;copyright&quot;:&quot;&quot;,&quot;focal_length&quot;:&quot;0&quot;,&quot;iso&quot;:&quot;0&quot;,&quot;shutter_speed&quot;:&quot;0&quot;,&quot;title&quot;:&quot;&quot;,&quot;orientation&quot;:&quot;0&quot;}\" data-image-title=\"bnp cardif vie\" data-image-description=\"\" data-medium-file=\"https:\/\/i0.wp.com\/pythagorefinance.com\/wp-content\/uploads\/2017\/06\/bnp-cardif-vie.jpg?fit=300%2C136&amp;ssl=1\" data-large-file=\"https:\/\/i0.wp.com\/pythagorefinance.com\/wp-content\/uploads\/2017\/06\/bnp-cardif-vie.jpg?fit=333%2C151&amp;ssl=1\" class=\"alignnone size-medium wp-image-81\" src=\"https:\/\/i0.wp.com\/pythagorefinance.com\/wp-content\/uploads\/2017\/06\/bnp-cardif-vie-300x136.jpg?resize=300%2C136\" alt=\"\" width=\"300\" height=\"136\" srcset=\"https:\/\/i0.wp.com\/pythagorefinance.com\/wp-content\/uploads\/2017\/06\/bnp-cardif-vie.jpg?resize=300%2C136&amp;ssl=1 300w, https:\/\/i0.wp.com\/pythagorefinance.com\/wp-content\/uploads\/2017\/06\/bnp-cardif-vie.jpg?w=333&amp;ssl=1 333w\" sizes=\"(max-width: 300px) 100vw, 300px\" data-recalc-dims=\"1\" \/> <img loading=\"lazy\" decoding=\"async\" data-attachment-id=\"82\" data-permalink=\"https:\/\/pythagorefinance.com\/index.php\/partenaire\/rothschlid\/\" data-orig-file=\"https:\/\/i1.wp.com\/pythagorefinance.com\/wp-content\/uploads\/2017\/06\/rothschlid.png?fit=237%2C240&amp;ssl=1\" data-orig-size=\"237,240\" data-comments-opened=\"1\" data-image-meta=\"{&quot;aperture&quot;:&quot;0&quot;,&quot;credit&quot;:&quot;&quot;,&quot;camera&quot;:&quot;&quot;,&quot;caption&quot;:&quot;&quot;,&quot;created_timestamp&quot;:&quot;0&quot;,&quot;copyright&quot;:&quot;&quot;,&quot;focal_length&quot;:&quot;0&quot;,&quot;iso&quot;:&quot;0&quot;,&quot;shutter_speed&quot;:&quot;0&quot;,&quot;title&quot;:&quot;&quot;,&quot;orientation&quot;:&quot;0&quot;}\" data-image-title=\"rothschlid\" data-image-description=\"\" data-medium-file=\"https:\/\/i1.wp.com\/pythagorefinance.com\/wp-content\/uploads\/2017\/06\/rothschlid.png?fit=237%2C240&amp;ssl=1\" data-large-file=\"https:\/\/i1.wp.com\/pythagorefinance.com\/wp-content\/uploads\/2017\/06\/rothschlid.png?fit=237%2C240&amp;ssl=1\" class=\"alignnone size-medium wp-image-82\" src=\"https:\/\/i1.wp.com\/pythagorefinance.com\/wp-content\/uploads\/2017\/06\/rothschlid.png?resize=237%2C240\" alt=\"\" width=\"237\" height=\"240\" data-recalc-dims=\"1\" \/><img loading=\"lazy\" decoding=\"async\" data-attachment-id=\"80\" data-permalink=\"https:\/\/pythagorefinance.com\/index.php\/partenaire\/index-mtl-index\/\" data-orig-file=\"https:\/\/i0.wp.com\/pythagorefinance.com\/wp-content\/uploads\/2017\/06\/index-mtl-index.jpg?fit=300%2C168&amp;ssl=1\" data-orig-size=\"300,168\" data-comments-opened=\"1\" data-image-meta=\"{&quot;aperture&quot;:&quot;0&quot;,&quot;credit&quot;:&quot;&quot;,&quot;camera&quot;:&quot;&quot;,&quot;caption&quot;:&quot;&quot;,&quot;created_timestamp&quot;:&quot;0&quot;,&quot;copyright&quot;:&quot;&quot;,&quot;focal_length&quot;:&quot;0&quot;,&quot;iso&quot;:&quot;0&quot;,&quot;shutter_speed&quot;:&quot;0&quot;,&quot;title&quot;:&quot;&quot;,&quot;orientation&quot;:&quot;0&quot;}\" data-image-title=\"index mtl index\" data-image-description=\"\" data-medium-file=\"https:\/\/i0.wp.com\/pythagorefinance.com\/wp-content\/uploads\/2017\/06\/index-mtl-index.jpg?fit=300%2C168&amp;ssl=1\" data-large-file=\"https:\/\/i0.wp.com\/pythagorefinance.com\/wp-content\/uploads\/2017\/06\/index-mtl-index.jpg?fit=300%2C168&amp;ssl=1\" class=\"alignnone size-medium wp-image-80\" src=\"https:\/\/i2.wp.com\/pythagorefinance.com\/wp-content\/uploads\/2017\/06\/index-mtl-index-300x168.jpg?resize=300%2C168\" alt=\"\" width=\"300\" height=\"168\" data-recalc-dims=\"1\" \/><\/p>\n","protected":false},"excerpt":{"rendered":"<p>\u00a0<\/p>\n","protected":false},"author":1,"featured_media":0,"parent":0,"menu_order":0,"comment_status":"closed","ping_status":"closed","template":"","meta":{"spay_email":"","footnotes":""},"jetpack_sharing_enabled":true,"jetpack_shortlink":"https:\/\/wp.me\/P8O27e-1g","jetpack-related-posts":[{"id":64,"url":"https:\/\/pythagorefinance.com\/index.php\/immobilier\/assurancevie\/","url_meta":{"origin":78,"position":0},"title":"Assurance Vie","date":"2 juin 2017","format":false,"excerpt":"Investir en Assurance-vie Pourquoi faut-il \u00e9pargner sur un contrat en assurance-vie\u00a0: -L\u2019assurance vie est un produit d\u2019\u00e9pargne et non une assurance d\u00e9c\u00e8s ! Elle peut r\u00e9pondre \u00e0 de nombreux besoins patrimoniaux et constitue donc un excellent outil de placement \u00e0\u00a0commencer par la valorisation de votre capital. Vous pouvez effectuer des\u2026","rel":"","context":"Article similaire","img":{"alt_text":"","src":"https:\/\/i0.wp.com\/pythagorefinance.com\/wp-content\/uploads\/2017\/06\/statue-of-liberty-359340_1920.jpg?fit=1200%2C674&ssl=1&resize=350%2C200","width":350,"height":200},"classes":[]}],"_links":{"self":[{"href":"https:\/\/pythagorefinance.com\/index.php\/wp-json\/wp\/v2\/pages\/78"}],"collection":[{"href":"https:\/\/pythagorefinance.com\/index.php\/wp-json\/wp\/v2\/pages"}],"about":[{"href":"https:\/\/pythagorefinance.com\/index.php\/wp-json\/wp\/v2\/types\/page"}],"author":[{"embeddable":true,"href":"https:\/\/pythagorefinance.com\/index.php\/wp-json\/wp\/v2\/users\/1"}],"replies":[{"embeddable":true,"href":"https:\/\/pythagorefinance.com\/index.php\/wp-json\/wp\/v2\/comments?post=78"}],"version-history":[{"count":1,"href":"https:\/\/pythagorefinance.com\/index.php\/wp-json\/wp\/v2\/pages\/78\/revisions"}],"predecessor-version":[{"id":83,"href":"https:\/\/pythagorefinance.com\/index.php\/wp-json\/wp\/v2\/pages\/78\/revisions\/83"}],"wp:attachment":[{"href":"https:\/\/pythagorefinance.com\/index.php\/wp-json\/wp\/v2\/media?parent=78"}],"curies":[{"name":"wp","href":"https:\/\/api.w.org\/{rel}","templated":true}]}}